{"id":37,"date":"2026-03-11T16:22:04","date_gmt":"2026-03-11T16:22:04","guid":{"rendered":"https:\/\/missubvenciones.com\/?page_id=37"},"modified":"2026-03-11T17:10:23","modified_gmt":"2026-03-11T17:10:23","slug":"planes","status":"publish","type":"page","link":"https:\/\/missubvenciones.com\/index.php\/planes\/","title":{"rendered":"Planes"},"content":{"rendered":"\t\t<div data-elementor-type=\"wp-page\" data-elementor-id=\"37\" class=\"elementor elementor-37\">\n\t\t\t\t<div class=\"elementor-element elementor-element-81d8265 e-con-full e-flex e-con e-parent\" data-id=\"81d8265\" data-element_type=\"container\" data-e-type=\"container\">\n\t\t\t\t<div class=\"elementor-element elementor-element-433e3de elementor-widget elementor-widget-html\" data-id=\"433e3de\" data-element_type=\"widget\" data-e-type=\"widget\" data-widget_type=\"html.default\">\n\t\t\t\t\t<section class=\"pricing-section\">\r\n  <div class=\"pricing-header\">\r\n    <h2>Elige tu suscripci\u00f3n<\/h2>\r\n    <p>Escoge el plan que mejor se adapta a ti<\/p>\r\n\r\n    <div class=\"billing-toggle\">\r\n      <span class=\"toggle-label active\" id=\"monthlyLabel\">Mensual<\/span>\r\n\r\n      <label class=\"switch\">\r\n        <input type=\"checkbox\" id=\"billingToggle\">\r\n        <span class=\"slider\"><\/span>\r\n      <\/label>\r\n\r\n      <span class=\"toggle-label\" id=\"yearlyLabel\">Anual<\/span>\r\n    <\/div>\r\n\r\n    <div class=\"billing-note\" id=\"billingNote\">\r\n      Ahorra con el pago anual\r\n    <\/div>\r\n  <\/div>\r\n\r\n  <div class=\"pricing-grid\">\r\n    <!-- PLAN FAMILIAS -->\r\n    <div class=\"pricing-card\">\r\n      <div class=\"plan-badge\">Ideal para particulares<\/div>\r\n      <h3>Plan Familias \/ Ciudadano<\/h3>\r\n      <p class=\"plan-desc\">\r\n        Acceso b\u00e1sico para consultar ayudas, subvenciones y oportunidades para familias y ciudadanos.\r\n      <\/p>\r\n\r\n      <div class=\"price-block\">\r\n        <span class=\"price\" data-monthly=\"2,90 \u20ac\" data-yearly=\"29 \u20ac\">2,90 \u20ac<\/span>\r\n        <span class=\"period\" data-monthly=\"\/ mes\" data-yearly=\"\/ a\u00f1o\">\/ mes<\/span>\r\n      <\/div>\r\n\r\n      <ul class=\"features\">\r\n        <li>Acceso a subvenciones para ciudadanos<\/li>\r\n        <li>B\u00fasqueda sencilla<\/li>\r\n        <li>Alertas b\u00e1sicas<\/li>\r\n        <li>Panel intuitivo<\/li>\r\n      <\/ul>\r\n\r\n      <a href=\"#\"\r\n         class=\"pricing-btn subscribe-btn\"\r\n         data-monthly-link=\"https:\/\/buy.stripe.com\/familias-mensual\"\r\n         data-yearly-link=\"https:\/\/buy.stripe.com\/familias-anual\">\r\n         Contratar\r\n      <\/a>\r\n    <\/div>\r\n\r\n    <!-- PLAN AUT\u00d3NOMO -->\r\n    <div class=\"pricing-card featured\">\r\n      <div class=\"plan-badge featured-badge\">M\u00e1s popular<\/div>\r\n      <h3>Plan Aut\u00f3nomo<\/h3>\r\n      <p class=\"plan-desc\">\r\n        Pensado para profesionales y aut\u00f3nomos que quieren detectar ayudas \u00fatiles para su actividad.\r\n      <\/p>\r\n\r\n      <div class=\"price-block\">\r\n        <span class=\"price\" data-monthly=\"9,90 \u20ac\" data-yearly=\"99 \u20ac\">9,90 \u20ac<\/span>\r\n        <span class=\"period\" data-monthly=\"\/ mes\" data-yearly=\"\/ a\u00f1o\">\/ mes<\/span>\r\n      <\/div>\r\n\r\n      <ul class=\"features\">\r\n        <li>Subvenciones para aut\u00f3nomos<\/li>\r\n        <li>Filtros avanzados<\/li>\r\n        <li>Alertas personalizadas<\/li>\r\n        <li>Seguimiento de convocatorias<\/li>\r\n      <\/ul>\r\n\r\n      <a href=\"#\"\r\n         class=\"pricing-btn subscribe-btn\"\r\n         data-monthly-link=\"https:\/\/buy.stripe.com\/autonomo-mensual\"\r\n         data-yearly-link=\"https:\/\/buy.stripe.com\/autonomo-anual\">\r\n         Contratar\r\n      <\/a>\r\n    <\/div>\r\n\r\n    <!-- PLAN EMPRESA -->\r\n    <div class=\"pricing-card\">\r\n      <div class=\"plan-badge\">Para negocios<\/div>\r\n      <h3>Plan Empresa (PYMES)<\/h3>\r\n      <p class=\"plan-desc\">\r\n        La opci\u00f3n ideal para peque\u00f1as y medianas empresas que quieren m\u00e1s control y m\u00e1s oportunidades.\r\n      <\/p>\r\n\r\n      <div class=\"price-block\">\r\n        <span class=\"price\" data-monthly=\"29,00 \u20ac\" data-yearly=\"290 \u20ac\">29,00 \u20ac<\/span>\r\n        <span class=\"period\" data-monthly=\"\/ mes\" data-yearly=\"\/ a\u00f1o\">\/ mes<\/span>\r\n      <\/div>\r\n\r\n      <ul class=\"features\">\r\n        <li>Subvenciones para empresas<\/li>\r\n        <li>Consultas m\u00e1s completas<\/li>\r\n        <li>Alertas prioritarias<\/li>\r\n        <li>Mejor visi\u00f3n del mercado<\/li>\r\n      <\/ul>\r\n\r\n      <a href=\"#\"\r\n         class=\"pricing-btn subscribe-btn\"\r\n         data-monthly-link=\"https:\/\/buy.stripe.com\/empresa-mensual\"\r\n         data-yearly-link=\"https:\/\/buy.stripe.com\/empresa-anual\">\r\n         Contratar\r\n      <\/a>\r\n    <\/div>\r\n  <\/div>\r\n<\/section>\r\n\r\n<style>\r\n.pricing-section {\r\n  padding: 70px 20px;\r\n  background: linear-gradient(180deg, #f8fafc 0%, #eef4ff 100%);\r\n  font-family: Arial, sans-serif;\r\n}\r\n\r\n.pricing-header {\r\n  text-align: center;\r\n  max-width: 800px;\r\n  margin: 0 auto 40px;\r\n}\r\n\r\n.pricing-header h2 {\r\n  font-size: 2.2rem;\r\n  margin-bottom: 10px;\r\n  color: #111827;\r\n}\r\n\r\n.pricing-header p {\r\n  font-size: 1rem;\r\n  color: #6b7280;\r\n  margin-bottom: 25px;\r\n}\r\n\r\n.billing-toggle {\r\n  display: inline-flex;\r\n  align-items: center;\r\n  gap: 12px;\r\n  background: #ffffff;\r\n  border-radius: 999px;\r\n  padding: 10px 16px;\r\n  box-shadow: 0 8px 25px rgba(0,0,0,0.08);\r\n}\r\n\r\n.toggle-label {\r\n  font-weight: 600;\r\n  color: #6b7280;\r\n  transition: all 0.3s ease;\r\n}\r\n\r\n.toggle-label.active {\r\n  color: #111827;\r\n}\r\n\r\n.billing-note {\r\n  margin-top: 12px;\r\n  font-size: 0.95rem;\r\n  color: #2563eb;\r\n  font-weight: 600;\r\n}\r\n\r\n.switch {\r\n  position: relative;\r\n  display: inline-block;\r\n  width: 56px;\r\n  height: 30px;\r\n}\r\n\r\n.switch input {\r\n  opacity: 0;\r\n  width: 0;\r\n  height: 0;\r\n}\r\n\r\n.slider {\r\n  position: absolute;\r\n  inset: 0;\r\n  background: #d1d5db;\r\n  border-radius: 999px;\r\n  cursor: pointer;\r\n  transition: 0.3s ease;\r\n}\r\n\r\n.slider:before {\r\n  content: \"\";\r\n  position: absolute;\r\n  width: 24px;\r\n  height: 24px;\r\n  left: 3px;\r\n  top: 3px;\r\n  background: white;\r\n  border-radius: 50%;\r\n  transition: 0.3s ease;\r\n  box-shadow: 0 2px 6px rgba(0,0,0,0.2);\r\n}\r\n\r\n.switch input:checked + .slider {\r\n  background: #2563eb;\r\n}\r\n\r\n.switch input:checked + .slider:before {\r\n  transform: translateX(26px);\r\n}\r\n\r\n.pricing-grid {\r\n  display: grid;\r\n  grid-template-columns: repeat(3, 1fr);\r\n  gap: 25px;\r\n  max-width: 1200px;\r\n  margin: 0 auto;\r\n}\r\n\r\n.pricing-card {\r\n  background: #fff;\r\n  border-radius: 22px;\r\n  padding: 30px 24px;\r\n  box-shadow: 0 12px 35px rgba(0,0,0,0.08);\r\n  position: relative;\r\n  transition: transform 0.3s ease, box-shadow 0.3s ease;\r\n  border: 1px solid #e5e7eb;\r\n}\r\n\r\n.pricing-card:hover {\r\n  transform: translateY(-6px);\r\n  box-shadow: 0 18px 45px rgba(0,0,0,0.12);\r\n}\r\n\r\n.pricing-card.featured {\r\n  border: 2px solid #2563eb;\r\n  transform: scale(1.02);\r\n}\r\n\r\n.plan-badge {\r\n  display: inline-block;\r\n  padding: 8px 14px;\r\n  border-radius: 999px;\r\n  background: #eef2ff;\r\n  color: #4338ca;\r\n  font-size: 0.85rem;\r\n  font-weight: 700;\r\n  margin-bottom: 18px;\r\n}\r\n\r\n.featured-badge {\r\n  background: #2563eb;\r\n  color: #fff;\r\n}\r\n\r\n.pricing-card h3 {\r\n  font-size: 1.4rem;\r\n  margin-bottom: 12px;\r\n  color: #111827;\r\n}\r\n\r\n.plan-desc {\r\n  color: #6b7280;\r\n  font-size: 0.98rem;\r\n  line-height: 1.5;\r\n  min-height: 72px;\r\n}\r\n\r\n.price-block {\r\n  margin: 25px 0 20px;\r\n  display: flex;\r\n  align-items: baseline;\r\n  gap: 8px;\r\n}\r\n\r\n.price {\r\n  font-size: 2.4rem;\r\n  font-weight: 800;\r\n  color: #111827;\r\n}\r\n\r\n.period {\r\n  font-size: 1rem;\r\n  color: #6b7280;\r\n}\r\n\r\n.features {\r\n  list-style: none;\r\n  padding: 0;\r\n  margin: 0 0 25px;\r\n}\r\n\r\n.features li {\r\n  padding: 10px 0;\r\n  border-bottom: 1px solid #f1f5f9;\r\n  color: #374151;\r\n  position: relative;\r\n  padding-left: 24px;\r\n}\r\n\r\n.features li::before {\r\n  content: \"\u2713\";\r\n  position: absolute;\r\n  left: 0;\r\n  top: 10px;\r\n  color: #16a34a;\r\n  font-weight: bold;\r\n}\r\n\r\n.pricing-btn {\r\n  display: inline-block;\r\n  width: 100%;\r\n  text-align: center;\r\n  background: #111827;\r\n  color: #fff;\r\n  text-decoration: none;\r\n  padding: 14px 20px;\r\n  border-radius: 14px;\r\n  font-weight: 700;\r\n  transition: 0.3s ease;\r\n}\r\n\r\n.pricing-btn:hover {\r\n  background: #2563eb;\r\n}\r\n\r\n.pricing-card.featured .pricing-btn {\r\n  background: #2563eb;\r\n}\r\n\r\n.pricing-card.featured .pricing-btn:hover {\r\n  background: #1d4ed8;\r\n}\r\n\r\n@media (max-width: 991px) {\r\n  .pricing-grid {\r\n    grid-template-columns: 1fr;\r\n    max-width: 600px;\r\n  }\r\n\r\n  .pricing-card.featured {\r\n    transform: none;\r\n  }\r\n}\r\n<\/style>\r\n\r\n<script>\r\ndocument.addEventListener(\"DOMContentLoaded\", function () {\r\n  const toggle = document.getElementById(\"billingToggle\");\r\n  const monthlyLabel = document.getElementById(\"monthlyLabel\");\r\n  const yearlyLabel = document.getElementById(\"yearlyLabel\");\r\n  const billingNote = document.getElementById(\"billingNote\");\r\n\r\n  const prices = document.querySelectorAll(\".price\");\r\n  const periods = document.querySelectorAll(\".period\");\r\n  const buttons = document.querySelectorAll(\".subscribe-btn\");\r\n\r\n  function updatePricing() {\r\n    const isYearly = toggle.checked;\r\n\r\n    prices.forEach(price => {\r\n      price.textContent = isYearly\r\n        ? price.dataset.yearly\r\n        : price.dataset.monthly;\r\n    });\r\n\r\n    periods.forEach(period => {\r\n      period.textContent = isYearly\r\n        ? period.dataset.yearly\r\n        : period.dataset.monthly;\r\n    });\r\n\r\n    buttons.forEach(button => {\r\n      button.href = isYearly\r\n        ? button.dataset.yearlyLink\r\n        : button.dataset.monthlyLink;\r\n    });\r\n\r\n    if (isYearly) {\r\n      monthlyLabel.classList.remove(\"active\");\r\n      yearlyLabel.classList.add(\"active\");\r\n      billingNote.textContent = \"Est\u00e1s viendo el pago anual\";\r\n    } else {\r\n      yearlyLabel.classList.remove(\"active\");\r\n      monthlyLabel.classList.add(\"active\");\r\n      billingNote.textContent = \"Ahorra con el pago anual\";\r\n    }\r\n  }\r\n\r\n  toggle.addEventListener(\"change\", updatePricing);\r\n\r\n  updatePricing();\r\n});\r\n<\/script>\t\t\t\t<\/div>\n\t\t\t\t<\/div>\n\t\t<div class=\"elementor-element elementor-element-9f877ad e-flex e-con-boxed e-con e-parent\" data-id=\"9f877ad\" data-element_type=\"container\" data-e-type=\"container\">\n\t\t\t\t\t<div class=\"e-con-inner\">\n\t\t\t\t<div class=\"elementor-element elementor-element-9c84b1f elementor-widget elementor-widget-html\" data-id=\"9c84b1f\" data-element_type=\"widget\" data-e-type=\"widget\" data-widget_type=\"html.default\">\n\t\t\t\t\t<section class=\"banner-redes-subvenciones sin-fondo\">\r\n  <div class=\"banner-redes-wrap\">\r\n    <div class=\"banner-redes-left\">\r\n      <span class=\"banner-redes-badge\">S\u00edguenos en redes<\/span>\r\n      <h2>Estate al d\u00eda de nuevas ayudas, subvenciones y novedades<\/h2>\r\n      <p>\r\n        S\u00edguenos en nuestras redes sociales para descubrir oportunidades, avisos importantes\r\n        y contenido \u00fatil para ciudadanos, aut\u00f3nomos y empresas.\r\n      <\/p>\r\n\r\n      <div class=\"banner-redes-botones\">\r\n        <a href=\"https:\/\/www.instagram.com\/missubvenciones\/\" target=\"_blank\" rel=\"noopener noreferrer\" class=\"btn-red-social instagram\">\r\n          <span class=\"icono-red\">\r\n            <svg viewBox=\"0 0 24 24\" fill=\"currentColor\" aria-hidden=\"true\">\r\n              <path d=\"M7.75 2h8.5A5.75 5.75 0 0 1 22 7.75v8.5A5.75 5.75 0 0 1 16.25 22h-8.5A5.75 5.75 0 0 1 2 16.25v-8.5A5.75 5.75 0 0 1 7.75 2Zm0 1.5A4.25 4.25 0 0 0 3.5 7.75v8.5A4.25 4.25 0 0 0 7.75 20.5h8.5a4.25 4.25 0 0 0 4.25-4.25v-8.5A4.25 4.25 0 0 0 16.25 3.5h-8.5Zm8.88 1.13a.99.99 0 1 1 0 1.98.99.99 0 0 1 0-1.98ZM12 6.5A5.5 5.5 0 1 1 6.5 12 5.5 5.5 0 0 1 12 6.5Zm0 1.5A4 4 0 1 0 16 12a4 4 0 0 0-4-4Z\"\/>\r\n            <\/svg>\r\n          <\/span>\r\n          <span>\r\n            <strong>Instagram<\/strong>\r\n            <small>@missubvenciones<\/small>\r\n          <\/span>\r\n        <\/a>\r\n\r\n        <a href=\"https:\/\/www.facebook.com\/share\/1KwXigWt6H\/?mibextid=wwXIfr\" target=\"_blank\" rel=\"noopener noreferrer\" class=\"btn-red-social facebook\">\r\n          <span class=\"icono-red\">\r\n            <svg viewBox=\"0 0 24 24\" fill=\"currentColor\" aria-hidden=\"true\">\r\n              <path d=\"M13.5 22v-8h2.7l.4-3h-3.1V9.08c0-.87.24-1.46 1.49-1.46H16.7V4.94c-.31-.04-1.38-.12-2.63-.12-2.6 0-4.38 1.58-4.38 4.49V11H6.75v3h2.94v8h3.81Z\"\/>\r\n            <\/svg>\r\n          <\/span>\r\n          <span>\r\n            <strong>Facebook<\/strong>\r\n            <small>Mis Subvenciones<\/small>\r\n          <\/span>\r\n        <\/a>\r\n      <\/div>\r\n    <\/div>\r\n\r\n    <div class=\"banner-redes-right\">\r\n      <div class=\"banner-redes-card\">\r\n        <div class=\"mini-top\">Conecta con Mis Subvenciones<\/div>\r\n        <h3>No te pierdas ninguna oportunidad<\/h3>\r\n        <p>\r\n          Publicamos contenido \u00fatil, novedades y ayudas que pueden interesarte seg\u00fan tu perfil.\r\n        <\/p>\r\n\r\n        <ul class=\"lista-beneficios-redes\">\r\n          <li>Nuevas subvenciones destacadas<\/li>\r\n          <li>Informaci\u00f3n clara y \u00fatil<\/li>\r\n          <li>Contenido para ciudadanos, aut\u00f3nomos y empresas<\/li>\r\n        <\/ul>\r\n      <\/div>\r\n    <\/div>\r\n  <\/div>\r\n<\/section>\r\n\r\n<style>\r\n.banner-redes-subvenciones.sin-fondo{\r\n  padding: 40px 20px;\r\n  background: transparent;\r\n  font-family: Arial, sans-serif;\r\n}\r\n\r\n.banner-redes-wrap{\r\n  max-width: 1200px;\r\n  margin: 0 auto;\r\n  display: grid;\r\n  grid-template-columns: 1.15fr .85fr;\r\n  gap: 28px;\r\n  align-items: center;\r\n}\r\n\r\n.banner-redes-left,\r\n.banner-redes-card{\r\n  background: #fff;\r\n  border: 1px solid #dcecf6;\r\n  border-radius: 26px;\r\n  box-shadow: 0 16px 40px rgba(29,89,135,.08);\r\n}\r\n\r\n.banner-redes-left{\r\n  padding: 34px;\r\n}\r\n\r\n.banner-redes-badge{\r\n  display: inline-block;\r\n  padding: 8px 14px;\r\n  border-radius: 999px;\r\n  background: #eef8ff;\r\n  border: 1px solid #d8edf8;\r\n  color: #2f88d8;\r\n  font-size: .85rem;\r\n  font-weight: 700;\r\n  margin-bottom: 16px;\r\n}\r\n\r\n.banner-redes-left h2{\r\n  margin: 0 0 14px;\r\n  font-size: 2.3rem;\r\n  line-height: 1.1;\r\n  color: #16324a;\r\n}\r\n\r\n.banner-redes-left p{\r\n  margin: 0 0 24px;\r\n  font-size: 1rem;\r\n  line-height: 1.75;\r\n  color: #5d778c;\r\n  max-width: 720px;\r\n}\r\n\r\n.banner-redes-botones{\r\n  display: flex;\r\n  gap: 14px;\r\n  flex-wrap: wrap;\r\n}\r\n\r\n.btn-red-social{\r\n  display: inline-flex;\r\n  align-items: center;\r\n  gap: 14px;\r\n  text-decoration: none;\r\n  padding: 16px 18px;\r\n  border-radius: 18px;\r\n  min-width: 230px;\r\n  border: 1px solid #dcecf6;\r\n  background: #f8fcff;\r\n  transition: .25s ease;\r\n  color: #16324a;\r\n}\r\n\r\n.btn-red-social:hover{\r\n  transform: translateY(-3px);\r\n  box-shadow: 0 14px 30px rgba(29,89,135,.12);\r\n}\r\n\r\n.icono-red{\r\n  width: 46px;\r\n  height: 46px;\r\n  border-radius: 14px;\r\n  display: flex;\r\n  align-items: center;\r\n  justify-content: center;\r\n  flex: 0 0 46px;\r\n}\r\n\r\n.icono-red svg{\r\n  width: 22px;\r\n  height: 22px;\r\n}\r\n\r\n.btn-red-social span:last-child{\r\n  display: flex;\r\n  flex-direction: column;\r\n  line-height: 1.2;\r\n}\r\n\r\n.btn-red-social strong{\r\n  font-size: 1rem;\r\n  color: #16324a;\r\n}\r\n\r\n.btn-red-social small{\r\n  margin-top: 4px;\r\n  font-size: .86rem;\r\n  color: #5d778c;\r\n}\r\n\r\n.btn-red-social.instagram .icono-red{\r\n  background: linear-gradient(135deg, #f58529 0%, #dd2a7b 55%, #8134af 100%);\r\n  color: #fff;\r\n}\r\n\r\n.btn-red-social.facebook .icono-red{\r\n  background: linear-gradient(135deg, #1877f2 0%, #0f5fcb 100%);\r\n  color: #fff;\r\n}\r\n\r\n.banner-redes-card{\r\n  padding: 30px;\r\n  background: #fff;\r\n}\r\n\r\n.mini-top{\r\n  display: inline-block;\r\n  margin-bottom: 14px;\r\n  padding: 7px 12px;\r\n  border-radius: 999px;\r\n  background: #ffffff;\r\n  border: 1px solid #dcecf6;\r\n  color: #2f88d8;\r\n  font-size: .82rem;\r\n  font-weight: 700;\r\n}\r\n\r\n.banner-redes-card h3{\r\n  margin: 0 0 12px;\r\n  font-size: 1.5rem;\r\n  color: #16324a;\r\n  line-height: 1.15;\r\n}\r\n\r\n.banner-redes-card p{\r\n  margin: 0 0 18px;\r\n  color: #5d778c;\r\n  line-height: 1.7;\r\n}\r\n\r\n.lista-beneficios-redes{\r\n  list-style: none;\r\n  padding: 0;\r\n  margin: 0;\r\n}\r\n\r\n.lista-beneficios-redes li{\r\n  position: relative;\r\n  padding-left: 26px;\r\n  margin-bottom: 12px;\r\n  color: #355267;\r\n  line-height: 1.6;\r\n}\r\n\r\n.lista-beneficios-redes li:before{\r\n  content: \"\u2713\";\r\n  position: absolute;\r\n  left: 0;\r\n  top: 0;\r\n  color: #5eaf2d;\r\n  font-weight: 800;\r\n}\r\n\r\n@media (max-width: 991px){\r\n  .banner-redes-wrap{\r\n    grid-template-columns: 1fr;\r\n  }\r\n\r\n  .banner-redes-left h2{\r\n    font-size: 2rem;\r\n  }\r\n}\r\n\r\n@media (max-width: 767px){\r\n  .banner-redes-subvenciones.sin-fondo{\r\n    padding: 30px 14px;\r\n  }\r\n\r\n  .banner-redes-left,\r\n  .banner-redes-card{\r\n    padding: 22px;\r\n    border-radius: 20px;\r\n  }\r\n\r\n  .banner-redes-left h2{\r\n    font-size: 1.65rem;\r\n  }\r\n\r\n  .banner-redes-left p{\r\n    font-size: .96rem;\r\n    line-height: 1.65;\r\n  }\r\n\r\n  .banner-redes-botones{\r\n    flex-direction: column;\r\n    gap: 10px;\r\n  }\r\n\r\n  .btn-red-social{\r\n    width: 100%;\r\n    min-width: 100%;\r\n    padding: 14px 16px;\r\n  }\r\n\r\n  .banner-redes-card h3{\r\n    font-size: 1.25rem;\r\n  }\r\n}\r\n<\/style>\t\t\t\t<\/div>\n\t\t\t\t\t<\/div>\n\t\t\t\t<\/div>\n\t\t\t\t<\/div>\n\t\t","protected":false},"excerpt":{"rendered":"<p>Elige tu suscripci\u00f3n Escoge el plan que mejor se adapta a ti Mensual Anual Ahorra con el pago anual Ideal para particulares Plan Familias \/ Ciudadano Acceso b\u00e1sico para consultar ayudas, subvenciones y oportunidades para familias y ciudadanos. 2,90 \u20ac \/ mes Acceso a subvenciones para ciudadanos B\u00fasqueda sencilla Alertas b\u00e1sicas Panel intuitivo Contratar M\u00e1s &hellip; <\/p>\n<p class=\"link-more\"><a href=\"https:\/\/missubvenciones.com\/index.php\/planes\/\" class=\"more-link\">Leer m\u00e1s<span class=\"screen-reader-text\"> \u00abPlanes\u00bb<\/span><\/a><\/p>\n","protected":false},"author":1,"featured_media":0,"parent":0,"menu_order":0,"comment_status":"closed","ping_status":"closed","template":"","meta":{"inspiro_hide_title":false,"footnotes":""},"class_list":["post-37","page","type-page","status-publish","hentry"],"yoast_head":"<!-- This site is optimized with the Yoast SEO plugin v27.3 - https:\/\/yoast.com\/product\/yoast-seo-wordpress\/ -->\n<title>Planes - Mi subvencion ya<\/title>\n<meta name=\"robots\" content=\"index, follow, max-snippet:-1, max-image-preview:large, max-video-preview:-1\" \/>\n<link rel=\"canonical\" href=\"https:\/\/missubvenciones.com\/index.php\/planes\/\" \/>\n<meta property=\"og:locale\" content=\"es_ES\" \/>\n<meta property=\"og:type\" content=\"article\" \/>\n<meta property=\"og:title\" content=\"Planes - Mi subvencion ya\" \/>\n<meta property=\"og:description\" content=\"Elige tu suscripci\u00f3n Escoge el plan que mejor se adapta a ti Mensual Anual Ahorra con el pago anual Ideal para particulares Plan Familias \/ Ciudadano Acceso b\u00e1sico para consultar ayudas, subvenciones y oportunidades para familias y ciudadanos. 2,90 \u20ac \/ mes Acceso a subvenciones para ciudadanos B\u00fasqueda sencilla Alertas b\u00e1sicas Panel intuitivo Contratar M\u00e1s &hellip; Leer m\u00e1s \u00abPlanes\u00bb\" \/>\n<meta property=\"og:url\" content=\"https:\/\/missubvenciones.com\/index.php\/planes\/\" \/>\n<meta property=\"og:site_name\" content=\"Mi subvencion ya\" \/>\n<meta property=\"article:modified_time\" content=\"2026-03-11T17:10:23+00:00\" \/>\n<meta name=\"twitter:card\" content=\"summary_large_image\" \/>\n<meta name=\"twitter:label1\" content=\"Tiempo de lectura\" \/>\n\t<meta name=\"twitter:data1\" content=\"1 minuto\" \/>\n<script type=\"application\/ld+json\" class=\"yoast-schema-graph\">{\"@context\":\"https:\\\/\\\/schema.org\",\"@graph\":[{\"@type\":\"WebPage\",\"@id\":\"https:\\\/\\\/missubvenciones.com\\\/index.php\\\/planes\\\/\",\"url\":\"https:\\\/\\\/missubvenciones.com\\\/index.php\\\/planes\\\/\",\"name\":\"Planes - Mi subvencion ya\",\"isPartOf\":{\"@id\":\"https:\\\/\\\/missubvenciones.com\\\/#website\"},\"datePublished\":\"2026-03-11T16:22:04+00:00\",\"dateModified\":\"2026-03-11T17:10:23+00:00\",\"breadcrumb\":{\"@id\":\"https:\\\/\\\/missubvenciones.com\\\/index.php\\\/planes\\\/#breadcrumb\"},\"inLanguage\":\"es\",\"potentialAction\":[{\"@type\":\"ReadAction\",\"target\":[\"https:\\\/\\\/missubvenciones.com\\\/index.php\\\/planes\\\/\"]}]},{\"@type\":\"BreadcrumbList\",\"@id\":\"https:\\\/\\\/missubvenciones.com\\\/index.php\\\/planes\\\/#breadcrumb\",\"itemListElement\":[{\"@type\":\"ListItem\",\"position\":1,\"name\":\"Portada\",\"item\":\"https:\\\/\\\/missubvenciones.com\\\/\"},{\"@type\":\"ListItem\",\"position\":2,\"name\":\"Planes\"}]},{\"@type\":\"WebSite\",\"@id\":\"https:\\\/\\\/missubvenciones.com\\\/#website\",\"url\":\"https:\\\/\\\/missubvenciones.com\\\/\",\"name\":\"Mi subvencion ya\",\"description\":\"Encuentra subvenciones, ayudas y oportunidades de financiaci\u00f3n sin perder tiempo. En MisSubvenciones reunimos informaci\u00f3n clara y actualizada para particulares, aut\u00f3nomos y empresas, para que descubrir la ayuda adecuada sea m\u00e1s f\u00e1cil, r\u00e1pido y accesible.\",\"publisher\":{\"@id\":\"https:\\\/\\\/missubvenciones.com\\\/#organization\"},\"potentialAction\":[{\"@type\":\"SearchAction\",\"target\":{\"@type\":\"EntryPoint\",\"urlTemplate\":\"https:\\\/\\\/missubvenciones.com\\\/?s={search_term_string}\"},\"query-input\":{\"@type\":\"PropertyValueSpecification\",\"valueRequired\":true,\"valueName\":\"search_term_string\"}}],\"inLanguage\":\"es\"},{\"@type\":\"Organization\",\"@id\":\"https:\\\/\\\/missubvenciones.com\\\/#organization\",\"name\":\"Mi subvencion ya\",\"url\":\"https:\\\/\\\/missubvenciones.com\\\/\",\"logo\":{\"@type\":\"ImageObject\",\"inLanguage\":\"es\",\"@id\":\"https:\\\/\\\/missubvenciones.com\\\/#\\\/schema\\\/logo\\\/image\\\/\",\"url\":\"https:\\\/\\\/missubvenciones.com\\\/wp-content\\\/uploads\\\/2026\\\/03\\\/Diseno-sin-titulo-1.png\",\"contentUrl\":\"https:\\\/\\\/missubvenciones.com\\\/wp-content\\\/uploads\\\/2026\\\/03\\\/Diseno-sin-titulo-1.png\",\"width\":2000,\"height\":2000,\"caption\":\"Mi subvencion ya\"},\"image\":{\"@id\":\"https:\\\/\\\/missubvenciones.com\\\/#\\\/schema\\\/logo\\\/image\\\/\"}}]}<\/script>\n<!-- \/ Yoast SEO plugin. -->","yoast_head_json":{"title":"Planes - Mi subvencion ya","robots":{"index":"index","follow":"follow","max-snippet":"max-snippet:-1","max-image-preview":"max-image-preview:large","max-video-preview":"max-video-preview:-1"},"canonical":"https:\/\/missubvenciones.com\/index.php\/planes\/","og_locale":"es_ES","og_type":"article","og_title":"Planes - Mi subvencion ya","og_description":"Elige tu suscripci\u00f3n Escoge el plan que mejor se adapta a ti Mensual Anual Ahorra con el pago anual Ideal para particulares Plan Familias \/ Ciudadano Acceso b\u00e1sico para consultar ayudas, subvenciones y oportunidades para familias y ciudadanos. 2,90 \u20ac \/ mes Acceso a subvenciones para ciudadanos B\u00fasqueda sencilla Alertas b\u00e1sicas Panel intuitivo Contratar M\u00e1s &hellip; Leer m\u00e1s \u00abPlanes\u00bb","og_url":"https:\/\/missubvenciones.com\/index.php\/planes\/","og_site_name":"Mi subvencion ya","article_modified_time":"2026-03-11T17:10:23+00:00","twitter_card":"summary_large_image","twitter_misc":{"Tiempo de lectura":"1 minuto"},"schema":{"@context":"https:\/\/schema.org","@graph":[{"@type":"WebPage","@id":"https:\/\/missubvenciones.com\/index.php\/planes\/","url":"https:\/\/missubvenciones.com\/index.php\/planes\/","name":"Planes - Mi subvencion ya","isPartOf":{"@id":"https:\/\/missubvenciones.com\/#website"},"datePublished":"2026-03-11T16:22:04+00:00","dateModified":"2026-03-11T17:10:23+00:00","breadcrumb":{"@id":"https:\/\/missubvenciones.com\/index.php\/planes\/#breadcrumb"},"inLanguage":"es","potentialAction":[{"@type":"ReadAction","target":["https:\/\/missubvenciones.com\/index.php\/planes\/"]}]},{"@type":"BreadcrumbList","@id":"https:\/\/missubvenciones.com\/index.php\/planes\/#breadcrumb","itemListElement":[{"@type":"ListItem","position":1,"name":"Portada","item":"https:\/\/missubvenciones.com\/"},{"@type":"ListItem","position":2,"name":"Planes"}]},{"@type":"WebSite","@id":"https:\/\/missubvenciones.com\/#website","url":"https:\/\/missubvenciones.com\/","name":"Mi subvencion ya","description":"Encuentra subvenciones, ayudas y oportunidades de financiaci\u00f3n sin perder tiempo. En MisSubvenciones reunimos informaci\u00f3n clara y actualizada para particulares, aut\u00f3nomos y empresas, para que descubrir la ayuda adecuada sea m\u00e1s f\u00e1cil, r\u00e1pido y accesible.","publisher":{"@id":"https:\/\/missubvenciones.com\/#organization"},"potentialAction":[{"@type":"SearchAction","target":{"@type":"EntryPoint","urlTemplate":"https:\/\/missubvenciones.com\/?s={search_term_string}"},"query-input":{"@type":"PropertyValueSpecification","valueRequired":true,"valueName":"search_term_string"}}],"inLanguage":"es"},{"@type":"Organization","@id":"https:\/\/missubvenciones.com\/#organization","name":"Mi subvencion ya","url":"https:\/\/missubvenciones.com\/","logo":{"@type":"ImageObject","inLanguage":"es","@id":"https:\/\/missubvenciones.com\/#\/schema\/logo\/image\/","url":"https:\/\/missubvenciones.com\/wp-content\/uploads\/2026\/03\/Diseno-sin-titulo-1.png","contentUrl":"https:\/\/missubvenciones.com\/wp-content\/uploads\/2026\/03\/Diseno-sin-titulo-1.png","width":2000,"height":2000,"caption":"Mi subvencion ya"},"image":{"@id":"https:\/\/missubvenciones.com\/#\/schema\/logo\/image\/"}}]}},"_links":{"self":[{"href":"https:\/\/missubvenciones.com\/index.php\/wp-json\/wp\/v2\/pages\/37","targetHints":{"allow":["GET"]}}],"collection":[{"href":"https:\/\/missubvenciones.com\/index.php\/wp-json\/wp\/v2\/pages"}],"about":[{"href":"https:\/\/missubvenciones.com\/index.php\/wp-json\/wp\/v2\/types\/page"}],"author":[{"embeddable":true,"href":"https:\/\/missubvenciones.com\/index.php\/wp-json\/wp\/v2\/users\/1"}],"replies":[{"embeddable":true,"href":"https:\/\/missubvenciones.com\/index.php\/wp-json\/wp\/v2\/comments?post=37"}],"version-history":[{"count":8,"href":"https:\/\/missubvenciones.com\/index.php\/wp-json\/wp\/v2\/pages\/37\/revisions"}],"predecessor-version":[{"id":112,"href":"https:\/\/missubvenciones.com\/index.php\/wp-json\/wp\/v2\/pages\/37\/revisions\/112"}],"wp:attachment":[{"href":"https:\/\/missubvenciones.com\/index.php\/wp-json\/wp\/v2\/media?parent=37"}],"curies":[{"name":"wp","href":"https:\/\/api.w.org\/{rel}","templated":true}]}}