{"id":60,"date":"2026-03-11T16:28:56","date_gmt":"2026-03-11T16:28:56","guid":{"rendered":"https:\/\/missubvenciones.com\/?page_id=60"},"modified":"2026-03-11T17:09:32","modified_gmt":"2026-03-11T17:09:32","slug":"contacto","status":"publish","type":"page","link":"https:\/\/missubvenciones.com\/index.php\/contacto\/","title":{"rendered":"Contacto"},"content":{"rendered":"\t\t<div data-elementor-type=\"wp-page\" data-elementor-id=\"60\" class=\"elementor elementor-60\">\n\t\t\t\t<div class=\"elementor-element elementor-element-81d8265 e-con-full e-flex e-con e-parent\" data-id=\"81d8265\" data-element_type=\"container\" data-e-type=\"container\">\n\t\t\t\t<div class=\"elementor-element elementor-element-433e3de elementor-widget elementor-widget-html\" data-id=\"433e3de\" data-element_type=\"widget\" data-e-type=\"widget\" data-widget_type=\"html.default\">\n\t\t\t\t\t<section class=\"contacto-subvenciones\">\r\n  <div class=\"contacto-wrap\">\r\n    <div class=\"contacto-info\">\r\n      <span class=\"contacto-badge\">Contacto<\/span>\r\n      <h2>\u00bfTienes dudas o necesitas ayuda?<\/h2>\r\n      <p>\r\n        Escr\u00edbenos y te ayudaremos a encontrar la mejor forma de aprovechar\r\n        las subvenciones seg\u00fan tu perfil, ya seas ciudadano, aut\u00f3nomo o empresa.\r\n      <\/p>\r\n\r\n      <div class=\"contacto-datos\">\r\n        \r\n        <div class=\"contacto-item\">\r\n          <strong>Respuesta<\/strong>\r\n          <span>Te contestaremos lo antes posible<\/span>\r\n        <\/div>\r\n        <div class=\"contacto-item\">\r\n          <strong>Atenci\u00f3n<\/strong>\r\n          <span>Consultas sobre ayudas, planes y funcionamiento<\/span>\r\n        <\/div>\r\n      <\/div>\r\n    <\/div>\r\n\r\n    <div class=\"contacto-form-card\">\r\n      <form id=\"formContactoSubvenciones\">\r\n        <div class=\"form-grid\">\r\n          <div class=\"form-group\">\r\n            <label for=\"nombre\">Nombre<\/label>\r\n            <input type=\"text\" id=\"nombre\" name=\"nombre\" placeholder=\"Tu nombre\" required>\r\n          <\/div>\r\n\r\n          <div class=\"form-group\">\r\n            <label for=\"email\">Correo electr\u00f3nico<\/label>\r\n            <input type=\"email\" id=\"email\" name=\"email\" placeholder=\"tuemail@ejemplo.com\" required>\r\n          <\/div>\r\n        <\/div>\r\n\r\n        <div class=\"form-grid\">\r\n          <div class=\"form-group\">\r\n            <label for=\"perfil\">Perfil<\/label>\r\n            <select id=\"perfil\" name=\"perfil\" required>\r\n              <option value=\"\">Selecciona una opci\u00f3n<\/option>\r\n              <option value=\"Ciudadano \/ Familia\">Ciudadano \/ Familia<\/option>\r\n              <option value=\"Aut\u00f3nomo\">Aut\u00f3nomo<\/option>\r\n              <option value=\"Empresa \/ PYME\">Empresa \/ PYME<\/option>\r\n            <\/select>\r\n          <\/div>\r\n\r\n          <div class=\"form-group\">\r\n            <label for=\"asunto\">Asunto<\/label>\r\n            <input type=\"text\" id=\"asunto\" name=\"asunto\" placeholder=\"Motivo de tu consulta\" required>\r\n          <\/div>\r\n        <\/div>\r\n\r\n        <div class=\"form-group\">\r\n          <label for=\"mensaje\">Mensaje<\/label>\r\n          <textarea id=\"mensaje\" name=\"mensaje\" rows=\"6\" placeholder=\"Cu\u00e9ntanos en qu\u00e9 podemos ayudarte\" required><\/textarea>\r\n        <\/div>\r\n\r\n        <button type=\"submit\" class=\"contacto-btn\">Enviar consulta<\/button>\r\n      <\/form>\r\n    <\/div>\r\n  <\/div>\r\n<\/section>\r\n\r\n<style>\r\n.contacto-subvenciones{\r\n  padding: 80px 20px;\r\n  background:\r\n    radial-gradient(circle at top left, rgba(69,168,228,.08), transparent 26%),\r\n    radial-gradient(circle at bottom right, rgba(130,211,64,.08), transparent 24%),\r\n    linear-gradient(180deg, #ffffff 0%, #f7fbff 100%);\r\n  font-family: Arial, sans-serif;\r\n}\r\n\r\n.contacto-wrap{\r\n  max-width: 1200px;\r\n  margin: 0 auto;\r\n  display: grid;\r\n  grid-template-columns: 1fr 1.1fr;\r\n  gap: 32px;\r\n  align-items: start;\r\n}\r\n\r\n.contacto-info,\r\n.contacto-form-card{\r\n  background: #fff;\r\n  border: 1px solid #dcecf6;\r\n  border-radius: 24px;\r\n  padding: 30px;\r\n  box-shadow: 0 16px 40px rgba(29,89,135,.08);\r\n}\r\n\r\n.contacto-badge{\r\n  display: inline-block;\r\n  padding: 8px 14px;\r\n  border-radius: 999px;\r\n  background: #eef8ff;\r\n  border: 1px solid #d8edf8;\r\n  color: #2f88d8;\r\n  font-size: .85rem;\r\n  font-weight: 700;\r\n  margin-bottom: 16px;\r\n}\r\n\r\n.contacto-info h2{\r\n  font-size: 2.2rem;\r\n  line-height: 1.1;\r\n  color: #16324a;\r\n  margin: 0 0 14px;\r\n}\r\n\r\n.contacto-info p{\r\n  color: #5d778c;\r\n  line-height: 1.75;\r\n  margin: 0 0 24px;\r\n  font-size: 1rem;\r\n}\r\n\r\n.contacto-datos{\r\n  display: grid;\r\n  gap: 14px;\r\n}\r\n\r\n.contacto-item{\r\n  padding: 16px 18px;\r\n  border: 1px solid #dcecf6;\r\n  border-radius: 16px;\r\n  background: #f8fcff;\r\n}\r\n\r\n.contacto-item strong{\r\n  display: block;\r\n  color: #16324a;\r\n  margin-bottom: 6px;\r\n  font-size: .98rem;\r\n}\r\n\r\n.contacto-item span{\r\n  color: #5d778c;\r\n  font-size: .96rem;\r\n}\r\n\r\n.form-grid{\r\n  display: grid;\r\n  grid-template-columns: repeat(2, 1fr);\r\n  gap: 16px;\r\n}\r\n\r\n.form-group{\r\n  margin-bottom: 16px;\r\n}\r\n\r\n.form-group label{\r\n  display: block;\r\n  margin-bottom: 8px;\r\n  color: #16324a;\r\n  font-weight: 700;\r\n  font-size: .95rem;\r\n}\r\n\r\n.form-group input,\r\n.form-group select,\r\n.form-group textarea{\r\n  width: 100%;\r\n  padding: 14px 16px;\r\n  border-radius: 14px;\r\n  border: 1px solid #dcecf6;\r\n  background: #fff;\r\n  color: #16324a;\r\n  font-size: .96rem;\r\n  box-sizing: border-box;\r\n  outline: none;\r\n  transition: .2s ease;\r\n}\r\n\r\n.form-group input:focus,\r\n.form-group select:focus,\r\n.form-group textarea:focus{\r\n  border-color: #49b8ea;\r\n  box-shadow: 0 0 0 4px rgba(73,184,234,.12);\r\n}\r\n\r\n.form-group textarea{\r\n  resize: vertical;\r\n  min-height: 140px;\r\n}\r\n\r\n.contacto-btn{\r\n  width: 100%;\r\n  border: 0;\r\n  cursor: pointer;\r\n  padding: 16px 22px;\r\n  border-radius: 16px;\r\n  font-weight: 700;\r\n  font-size: 1rem;\r\n  color: #fff;\r\n  background: linear-gradient(135deg, #49b8ea 0%, #2f88d8 100%);\r\n  box-shadow: 0 14px 30px rgba(47,136,216,.20);\r\n  transition: .25s ease;\r\n}\r\n\r\n.contacto-btn:hover{\r\n  transform: translateY(-2px);\r\n  box-shadow: 0 18px 36px rgba(47,136,216,.28);\r\n}\r\n\r\n@media (max-width: 991px){\r\n  .contacto-wrap{\r\n    grid-template-columns: 1fr;\r\n  }\r\n\r\n  .contacto-info h2{\r\n    font-size: 1.9rem;\r\n  }\r\n}\r\n\r\n@media (max-width: 767px){\r\n  .contacto-subvenciones{\r\n    padding: 55px 14px;\r\n  }\r\n\r\n  .contacto-info,\r\n  .contacto-form-card{\r\n    padding: 20px;\r\n    border-radius: 20px;\r\n  }\r\n\r\n  .contacto-info h2{\r\n    font-size: 1.65rem;\r\n  }\r\n\r\n  .form-grid{\r\n    grid-template-columns: 1fr;\r\n    gap: 0;\r\n  }\r\n\r\n  .form-group input,\r\n  .form-group select,\r\n  .form-group textarea{\r\n    padding: 13px 14px;\r\n    font-size: .95rem;\r\n  }\r\n\r\n  .contacto-btn{\r\n    padding: 15px 18px;\r\n  }\r\n}\r\n<\/style>\r\n\r\n<script>\r\ndocument.addEventListener(\"DOMContentLoaded\", function () {\r\n  const form = document.getElementById(\"formContactoSubvenciones\");\r\n\r\n  form.addEventListener(\"submit\", function (e) {\r\n    e.preventDefault();\r\n\r\n    const nombre = document.getElementById(\"nombre\").value.trim();\r\n    const email = document.getElementById(\"email\").value.trim();\r\n    const perfil = document.getElementById(\"perfil\").value.trim();\r\n    const asunto = document.getElementById(\"asunto\").value.trim();\r\n    const mensaje = document.getElementById(\"mensaje\").value.trim();\r\n\r\n    const subject = encodeURIComponent(\"Contacto web - \" + asunto);\r\n    const body = encodeURIComponent(\r\n      \"Nombre: \" + nombre + \"\\n\" +\r\n      \"Email: \" + email + \"\\n\" +\r\n      \"Perfil: \" + perfil + \"\\n\\n\" +\r\n      \"Mensaje:\\n\" + mensaje\r\n    );\r\n\r\n    window.location.href = \"mailto:jzarco80@gmail.com?subject=\" + subject + \"&body=\" + body;\r\n  });\r\n});\r\n<\/script>\t\t\t\t<\/div>\n\t\t\t\t<\/div>\n\t\t<div class=\"elementor-element elementor-element-67746ac e-con-full e-flex e-con e-parent\" data-id=\"67746ac\" data-element_type=\"container\" data-e-type=\"container\">\n\t\t\t\t<div class=\"elementor-element elementor-element-05ddca6 elementor-widget elementor-widget-html\" data-id=\"05ddca6\" data-element_type=\"widget\" data-e-type=\"widget\" data-widget_type=\"html.default\">\n\t\t\t\t\t<section class=\"banner-redes-subvenciones sin-fondo\">\r\n  <div class=\"banner-redes-wrap\">\r\n    <div class=\"banner-redes-left\">\r\n      <span class=\"banner-redes-badge\">S\u00edguenos en redes<\/span>\r\n      <h2>Estate al d\u00eda de nuevas ayudas, subvenciones y novedades<\/h2>\r\n      <p>\r\n        S\u00edguenos en nuestras redes sociales para descubrir oportunidades, avisos importantes\r\n        y contenido \u00fatil para ciudadanos, aut\u00f3nomos y empresas.\r\n      <\/p>\r\n\r\n      <div class=\"banner-redes-botones\">\r\n        <a href=\"https:\/\/www.instagram.com\/missubvenciones\/\" target=\"_blank\" rel=\"noopener noreferrer\" class=\"btn-red-social instagram\">\r\n          <span class=\"icono-red\">\r\n            <svg viewBox=\"0 0 24 24\" fill=\"currentColor\" aria-hidden=\"true\">\r\n              <path d=\"M7.75 2h8.5A5.75 5.75 0 0 1 22 7.75v8.5A5.75 5.75 0 0 1 16.25 22h-8.5A5.75 5.75 0 0 1 2 16.25v-8.5A5.75 5.75 0 0 1 7.75 2Zm0 1.5A4.25 4.25 0 0 0 3.5 7.75v8.5A4.25 4.25 0 0 0 7.75 20.5h8.5a4.25 4.25 0 0 0 4.25-4.25v-8.5A4.25 4.25 0 0 0 16.25 3.5h-8.5Zm8.88 1.13a.99.99 0 1 1 0 1.98.99.99 0 0 1 0-1.98ZM12 6.5A5.5 5.5 0 1 1 6.5 12 5.5 5.5 0 0 1 12 6.5Zm0 1.5A4 4 0 1 0 16 12a4 4 0 0 0-4-4Z\"\/>\r\n            <\/svg>\r\n          <\/span>\r\n          <span>\r\n            <strong>Instagram<\/strong>\r\n            <small>@missubvenciones<\/small>\r\n          <\/span>\r\n        <\/a>\r\n\r\n        <a href=\"https:\/\/www.facebook.com\/share\/1KwXigWt6H\/?mibextid=wwXIfr\" target=\"_blank\" rel=\"noopener noreferrer\" class=\"btn-red-social facebook\">\r\n          <span class=\"icono-red\">\r\n            <svg viewBox=\"0 0 24 24\" fill=\"currentColor\" aria-hidden=\"true\">\r\n              <path d=\"M13.5 22v-8h2.7l.4-3h-3.1V9.08c0-.87.24-1.46 1.49-1.46H16.7V4.94c-.31-.04-1.38-.12-2.63-.12-2.6 0-4.38 1.58-4.38 4.49V11H6.75v3h2.94v8h3.81Z\"\/>\r\n            <\/svg>\r\n          <\/span>\r\n          <span>\r\n            <strong>Facebook<\/strong>\r\n            <small>Mis Subvenciones<\/small>\r\n          <\/span>\r\n        <\/a>\r\n      <\/div>\r\n    <\/div>\r\n\r\n    <div class=\"banner-redes-right\">\r\n      <div class=\"banner-redes-card\">\r\n        <div class=\"mini-top\">Conecta con Mis Subvenciones<\/div>\r\n        <h3>No te pierdas ninguna oportunidad<\/h3>\r\n        <p>\r\n          Publicamos contenido \u00fatil, novedades y ayudas que pueden interesarte seg\u00fan tu perfil.\r\n        <\/p>\r\n\r\n        <ul class=\"lista-beneficios-redes\">\r\n          <li>Nuevas subvenciones destacadas<\/li>\r\n          <li>Informaci\u00f3n clara y \u00fatil<\/li>\r\n          <li>Contenido para ciudadanos, aut\u00f3nomos y empresas<\/li>\r\n        <\/ul>\r\n      <\/div>\r\n    <\/div>\r\n  <\/div>\r\n<\/section>\r\n\r\n<style>\r\n.banner-redes-subvenciones.sin-fondo{\r\n  padding: 40px 20px;\r\n  background: transparent;\r\n  font-family: Arial, sans-serif;\r\n}\r\n\r\n.banner-redes-wrap{\r\n  max-width: 1200px;\r\n  margin: 0 auto;\r\n  display: grid;\r\n  grid-template-columns: 1.15fr .85fr;\r\n  gap: 28px;\r\n  align-items: center;\r\n}\r\n\r\n.banner-redes-left,\r\n.banner-redes-card{\r\n  background: #fff;\r\n  border: 1px solid #dcecf6;\r\n  border-radius: 26px;\r\n  box-shadow: 0 16px 40px rgba(29,89,135,.08);\r\n}\r\n\r\n.banner-redes-left{\r\n  padding: 34px;\r\n}\r\n\r\n.banner-redes-badge{\r\n  display: inline-block;\r\n  padding: 8px 14px;\r\n  border-radius: 999px;\r\n  background: #eef8ff;\r\n  border: 1px solid #d8edf8;\r\n  color: #2f88d8;\r\n  font-size: .85rem;\r\n  font-weight: 700;\r\n  margin-bottom: 16px;\r\n}\r\n\r\n.banner-redes-left h2{\r\n  margin: 0 0 14px;\r\n  font-size: 2.3rem;\r\n  line-height: 1.1;\r\n  color: #16324a;\r\n}\r\n\r\n.banner-redes-left p{\r\n  margin: 0 0 24px;\r\n  font-size: 1rem;\r\n  line-height: 1.75;\r\n  color: #5d778c;\r\n  max-width: 720px;\r\n}\r\n\r\n.banner-redes-botones{\r\n  display: flex;\r\n  gap: 14px;\r\n  flex-wrap: wrap;\r\n}\r\n\r\n.btn-red-social{\r\n  display: inline-flex;\r\n  align-items: center;\r\n  gap: 14px;\r\n  text-decoration: none;\r\n  padding: 16px 18px;\r\n  border-radius: 18px;\r\n  min-width: 230px;\r\n  border: 1px solid #dcecf6;\r\n  background: #f8fcff;\r\n  transition: .25s ease;\r\n  color: #16324a;\r\n}\r\n\r\n.btn-red-social:hover{\r\n  transform: translateY(-3px);\r\n  box-shadow: 0 14px 30px rgba(29,89,135,.12);\r\n}\r\n\r\n.icono-red{\r\n  width: 46px;\r\n  height: 46px;\r\n  border-radius: 14px;\r\n  display: flex;\r\n  align-items: center;\r\n  justify-content: center;\r\n  flex: 0 0 46px;\r\n}\r\n\r\n.icono-red svg{\r\n  width: 22px;\r\n  height: 22px;\r\n}\r\n\r\n.btn-red-social span:last-child{\r\n  display: flex;\r\n  flex-direction: column;\r\n  line-height: 1.2;\r\n}\r\n\r\n.btn-red-social strong{\r\n  font-size: 1rem;\r\n  color: #16324a;\r\n}\r\n\r\n.btn-red-social small{\r\n  margin-top: 4px;\r\n  font-size: .86rem;\r\n  color: #5d778c;\r\n}\r\n\r\n.btn-red-social.instagram .icono-red{\r\n  background: linear-gradient(135deg, #f58529 0%, #dd2a7b 55%, #8134af 100%);\r\n  color: #fff;\r\n}\r\n\r\n.btn-red-social.facebook .icono-red{\r\n  background: linear-gradient(135deg, #1877f2 0%, #0f5fcb 100%);\r\n  color: #fff;\r\n}\r\n\r\n.banner-redes-card{\r\n  padding: 30px;\r\n  background: #fff;\r\n}\r\n\r\n.mini-top{\r\n  display: inline-block;\r\n  margin-bottom: 14px;\r\n  padding: 7px 12px;\r\n  border-radius: 999px;\r\n  background: #ffffff;\r\n  border: 1px solid #dcecf6;\r\n  color: #2f88d8;\r\n  font-size: .82rem;\r\n  font-weight: 700;\r\n}\r\n\r\n.banner-redes-card h3{\r\n  margin: 0 0 12px;\r\n  font-size: 1.5rem;\r\n  color: #16324a;\r\n  line-height: 1.15;\r\n}\r\n\r\n.banner-redes-card p{\r\n  margin: 0 0 18px;\r\n  color: #5d778c;\r\n  line-height: 1.7;\r\n}\r\n\r\n.lista-beneficios-redes{\r\n  list-style: none;\r\n  padding: 0;\r\n  margin: 0;\r\n}\r\n\r\n.lista-beneficios-redes li{\r\n  position: relative;\r\n  padding-left: 26px;\r\n  margin-bottom: 12px;\r\n  color: #355267;\r\n  line-height: 1.6;\r\n}\r\n\r\n.lista-beneficios-redes li:before{\r\n  content: \"\u2713\";\r\n  position: absolute;\r\n  left: 0;\r\n  top: 0;\r\n  color: #5eaf2d;\r\n  font-weight: 800;\r\n}\r\n\r\n@media (max-width: 991px){\r\n  .banner-redes-wrap{\r\n    grid-template-columns: 1fr;\r\n  }\r\n\r\n  .banner-redes-left h2{\r\n    font-size: 2rem;\r\n  }\r\n}\r\n\r\n@media (max-width: 767px){\r\n  .banner-redes-subvenciones.sin-fondo{\r\n    padding: 30px 14px;\r\n  }\r\n\r\n  .banner-redes-left,\r\n  .banner-redes-card{\r\n    padding: 22px;\r\n    border-radius: 20px;\r\n  }\r\n\r\n  .banner-redes-left h2{\r\n    font-size: 1.65rem;\r\n  }\r\n\r\n  .banner-redes-left p{\r\n    font-size: .96rem;\r\n    line-height: 1.65;\r\n  }\r\n\r\n  .banner-redes-botones{\r\n    flex-direction: column;\r\n    gap: 10px;\r\n  }\r\n\r\n  .btn-red-social{\r\n    width: 100%;\r\n    min-width: 100%;\r\n    padding: 14px 16px;\r\n  }\r\n\r\n  .banner-redes-card h3{\r\n    font-size: 1.25rem;\r\n  }\r\n}\r\n<\/style>\t\t\t\t<\/div>\n\t\t\t\t<\/div>\n\t\t\t\t<\/div>\n\t\t","protected":false},"excerpt":{"rendered":"<p>Contacto \u00bfTienes dudas o necesitas ayuda? Escr\u00edbenos y te ayudaremos a encontrar la mejor forma de aprovechar las subvenciones seg\u00fan tu perfil, ya seas ciudadano, aut\u00f3nomo o empresa. Respuesta Te contestaremos lo antes posible Atenci\u00f3n Consultas sobre ayudas, planes y funcionamiento Nombre Correo electr\u00f3nico Perfil Selecciona una opci\u00f3nCiudadano \/ FamiliaAut\u00f3nomoEmpresa \/ PYME Asunto Mensaje Enviar &hellip; <\/p>\n<p class=\"link-more\"><a href=\"https:\/\/missubvenciones.com\/index.php\/contacto\/\" class=\"more-link\">Leer m\u00e1s<span class=\"screen-reader-text\"> \u00abContacto\u00bb<\/span><\/a><\/p>\n","protected":false},"author":1,"featured_media":0,"parent":0,"menu_order":0,"comment_status":"closed","ping_status":"closed","template":"elementor_header_footer","meta":{"inspiro_hide_title":false,"footnotes":""},"class_list":["post-60","page","type-page","status-publish","hentry"],"yoast_head":"<!-- This site is optimized with the Yoast SEO plugin v27.3 - https:\/\/yoast.com\/product\/yoast-seo-wordpress\/ -->\n<title>Contacto - Mi subvencion ya<\/title>\n<meta name=\"robots\" content=\"index, follow, max-snippet:-1, max-image-preview:large, max-video-preview:-1\" \/>\n<link rel=\"canonical\" href=\"https:\/\/missubvenciones.com\/index.php\/contacto\/\" \/>\n<meta property=\"og:locale\" content=\"es_ES\" \/>\n<meta property=\"og:type\" content=\"article\" \/>\n<meta property=\"og:title\" content=\"Contacto - Mi subvencion ya\" \/>\n<meta property=\"og:description\" content=\"Contacto \u00bfTienes dudas o necesitas ayuda? Escr\u00edbenos y te ayudaremos a encontrar la mejor forma de aprovechar las subvenciones seg\u00fan tu perfil, ya seas ciudadano, aut\u00f3nomo o empresa. Respuesta Te contestaremos lo antes posible Atenci\u00f3n Consultas sobre ayudas, planes y funcionamiento Nombre Correo electr\u00f3nico Perfil Selecciona una opci\u00f3nCiudadano \/ FamiliaAut\u00f3nomoEmpresa \/ PYME Asunto Mensaje Enviar &hellip; Leer m\u00e1s \u00abContacto\u00bb\" \/>\n<meta property=\"og:url\" content=\"https:\/\/missubvenciones.com\/index.php\/contacto\/\" \/>\n<meta property=\"og:site_name\" content=\"Mi subvencion ya\" \/>\n<meta property=\"article:modified_time\" content=\"2026-03-11T17:09:32+00:00\" \/>\n<meta name=\"twitter:card\" content=\"summary_large_image\" \/>\n<meta name=\"twitter:label1\" content=\"Tiempo de lectura\" \/>\n\t<meta name=\"twitter:data1\" content=\"4 minutos\" \/>\n<script type=\"application\/ld+json\" class=\"yoast-schema-graph\">{\"@context\":\"https:\\\/\\\/schema.org\",\"@graph\":[{\"@type\":\"WebPage\",\"@id\":\"https:\\\/\\\/missubvenciones.com\\\/index.php\\\/contacto\\\/\",\"url\":\"https:\\\/\\\/missubvenciones.com\\\/index.php\\\/contacto\\\/\",\"name\":\"Contacto - Mi subvencion ya\",\"isPartOf\":{\"@id\":\"https:\\\/\\\/missubvenciones.com\\\/#website\"},\"datePublished\":\"2026-03-11T16:28:56+00:00\",\"dateModified\":\"2026-03-11T17:09:32+00:00\",\"breadcrumb\":{\"@id\":\"https:\\\/\\\/missubvenciones.com\\\/index.php\\\/contacto\\\/#breadcrumb\"},\"inLanguage\":\"es\",\"potentialAction\":[{\"@type\":\"ReadAction\",\"target\":[\"https:\\\/\\\/missubvenciones.com\\\/index.php\\\/contacto\\\/\"]}]},{\"@type\":\"BreadcrumbList\",\"@id\":\"https:\\\/\\\/missubvenciones.com\\\/index.php\\\/contacto\\\/#breadcrumb\",\"itemListElement\":[{\"@type\":\"ListItem\",\"position\":1,\"name\":\"Portada\",\"item\":\"https:\\\/\\\/missubvenciones.com\\\/\"},{\"@type\":\"ListItem\",\"position\":2,\"name\":\"Contacto\"}]},{\"@type\":\"WebSite\",\"@id\":\"https:\\\/\\\/missubvenciones.com\\\/#website\",\"url\":\"https:\\\/\\\/missubvenciones.com\\\/\",\"name\":\"Mi subvencion ya\",\"description\":\"Encuentra subvenciones, ayudas y oportunidades de financiaci\u00f3n sin perder tiempo. En MisSubvenciones reunimos informaci\u00f3n clara y actualizada para particulares, aut\u00f3nomos y empresas, para que descubrir la ayuda adecuada sea m\u00e1s f\u00e1cil, r\u00e1pido y accesible.\",\"publisher\":{\"@id\":\"https:\\\/\\\/missubvenciones.com\\\/#organization\"},\"potentialAction\":[{\"@type\":\"SearchAction\",\"target\":{\"@type\":\"EntryPoint\",\"urlTemplate\":\"https:\\\/\\\/missubvenciones.com\\\/?s={search_term_string}\"},\"query-input\":{\"@type\":\"PropertyValueSpecification\",\"valueRequired\":true,\"valueName\":\"search_term_string\"}}],\"inLanguage\":\"es\"},{\"@type\":\"Organization\",\"@id\":\"https:\\\/\\\/missubvenciones.com\\\/#organization\",\"name\":\"Mi subvencion ya\",\"url\":\"https:\\\/\\\/missubvenciones.com\\\/\",\"logo\":{\"@type\":\"ImageObject\",\"inLanguage\":\"es\",\"@id\":\"https:\\\/\\\/missubvenciones.com\\\/#\\\/schema\\\/logo\\\/image\\\/\",\"url\":\"https:\\\/\\\/missubvenciones.com\\\/wp-content\\\/uploads\\\/2026\\\/03\\\/Diseno-sin-titulo-1.png\",\"contentUrl\":\"https:\\\/\\\/missubvenciones.com\\\/wp-content\\\/uploads\\\/2026\\\/03\\\/Diseno-sin-titulo-1.png\",\"width\":2000,\"height\":2000,\"caption\":\"Mi subvencion ya\"},\"image\":{\"@id\":\"https:\\\/\\\/missubvenciones.com\\\/#\\\/schema\\\/logo\\\/image\\\/\"}}]}<\/script>\n<!-- \/ Yoast SEO plugin. -->","yoast_head_json":{"title":"Contacto - Mi subvencion ya","robots":{"index":"index","follow":"follow","max-snippet":"max-snippet:-1","max-image-preview":"max-image-preview:large","max-video-preview":"max-video-preview:-1"},"canonical":"https:\/\/missubvenciones.com\/index.php\/contacto\/","og_locale":"es_ES","og_type":"article","og_title":"Contacto - Mi subvencion ya","og_description":"Contacto \u00bfTienes dudas o necesitas ayuda? Escr\u00edbenos y te ayudaremos a encontrar la mejor forma de aprovechar las subvenciones seg\u00fan tu perfil, ya seas ciudadano, aut\u00f3nomo o empresa. Respuesta Te contestaremos lo antes posible Atenci\u00f3n Consultas sobre ayudas, planes y funcionamiento Nombre Correo electr\u00f3nico Perfil Selecciona una opci\u00f3nCiudadano \/ FamiliaAut\u00f3nomoEmpresa \/ PYME Asunto Mensaje Enviar &hellip; Leer m\u00e1s \u00abContacto\u00bb","og_url":"https:\/\/missubvenciones.com\/index.php\/contacto\/","og_site_name":"Mi subvencion ya","article_modified_time":"2026-03-11T17:09:32+00:00","twitter_card":"summary_large_image","twitter_misc":{"Tiempo de lectura":"4 minutos"},"schema":{"@context":"https:\/\/schema.org","@graph":[{"@type":"WebPage","@id":"https:\/\/missubvenciones.com\/index.php\/contacto\/","url":"https:\/\/missubvenciones.com\/index.php\/contacto\/","name":"Contacto - Mi subvencion ya","isPartOf":{"@id":"https:\/\/missubvenciones.com\/#website"},"datePublished":"2026-03-11T16:28:56+00:00","dateModified":"2026-03-11T17:09:32+00:00","breadcrumb":{"@id":"https:\/\/missubvenciones.com\/index.php\/contacto\/#breadcrumb"},"inLanguage":"es","potentialAction":[{"@type":"ReadAction","target":["https:\/\/missubvenciones.com\/index.php\/contacto\/"]}]},{"@type":"BreadcrumbList","@id":"https:\/\/missubvenciones.com\/index.php\/contacto\/#breadcrumb","itemListElement":[{"@type":"ListItem","position":1,"name":"Portada","item":"https:\/\/missubvenciones.com\/"},{"@type":"ListItem","position":2,"name":"Contacto"}]},{"@type":"WebSite","@id":"https:\/\/missubvenciones.com\/#website","url":"https:\/\/missubvenciones.com\/","name":"Mi subvencion ya","description":"Encuentra subvenciones, ayudas y oportunidades de financiaci\u00f3n sin perder tiempo. En MisSubvenciones reunimos informaci\u00f3n clara y actualizada para particulares, aut\u00f3nomos y empresas, para que descubrir la ayuda adecuada sea m\u00e1s f\u00e1cil, r\u00e1pido y accesible.","publisher":{"@id":"https:\/\/missubvenciones.com\/#organization"},"potentialAction":[{"@type":"SearchAction","target":{"@type":"EntryPoint","urlTemplate":"https:\/\/missubvenciones.com\/?s={search_term_string}"},"query-input":{"@type":"PropertyValueSpecification","valueRequired":true,"valueName":"search_term_string"}}],"inLanguage":"es"},{"@type":"Organization","@id":"https:\/\/missubvenciones.com\/#organization","name":"Mi subvencion ya","url":"https:\/\/missubvenciones.com\/","logo":{"@type":"ImageObject","inLanguage":"es","@id":"https:\/\/missubvenciones.com\/#\/schema\/logo\/image\/","url":"https:\/\/missubvenciones.com\/wp-content\/uploads\/2026\/03\/Diseno-sin-titulo-1.png","contentUrl":"https:\/\/missubvenciones.com\/wp-content\/uploads\/2026\/03\/Diseno-sin-titulo-1.png","width":2000,"height":2000,"caption":"Mi subvencion ya"},"image":{"@id":"https:\/\/missubvenciones.com\/#\/schema\/logo\/image\/"}}]}},"_links":{"self":[{"href":"https:\/\/missubvenciones.com\/index.php\/wp-json\/wp\/v2\/pages\/60","targetHints":{"allow":["GET"]}}],"collection":[{"href":"https:\/\/missubvenciones.com\/index.php\/wp-json\/wp\/v2\/pages"}],"about":[{"href":"https:\/\/missubvenciones.com\/index.php\/wp-json\/wp\/v2\/types\/page"}],"author":[{"embeddable":true,"href":"https:\/\/missubvenciones.com\/index.php\/wp-json\/wp\/v2\/users\/1"}],"replies":[{"embeddable":true,"href":"https:\/\/missubvenciones.com\/index.php\/wp-json\/wp\/v2\/comments?post=60"}],"version-history":[{"count":13,"href":"https:\/\/missubvenciones.com\/index.php\/wp-json\/wp\/v2\/pages\/60\/revisions"}],"predecessor-version":[{"id":106,"href":"https:\/\/missubvenciones.com\/index.php\/wp-json\/wp\/v2\/pages\/60\/revisions\/106"}],"wp:attachment":[{"href":"https:\/\/missubvenciones.com\/index.php\/wp-json\/wp\/v2\/media?parent=60"}],"curies":[{"name":"wp","href":"https:\/\/api.w.org\/{rel}","templated":true}]}}